{"id":140,"date":"2021-06-02T11:27:50","date_gmt":"2021-06-02T16:27:50","guid":{"rendered":"https:\/\/fundaciongaec.com.co\/fundaciongaec\/web\/?page_id=140"},"modified":"2021-11-08T08:32:17","modified_gmt":"2021-11-08T13:32:17","slug":"vision","status":"publish","type":"page","link":"https:\/\/fundaciongaec.com.co\/fundaciongaec\/web\/vision\/","title":{"rendered":"Vision"},"content":{"rendered":"\t\t<div data-elementor-type=\"wp-page\" data-elementor-id=\"140\" class=\"elementor elementor-140\" data-elementor-post-type=\"page\">\n\t\t\t\t\t\t<section class=\"elementor-section elementor-top-section elementor-element elementor-element-76d8a87 elementor-section-boxed elementor-section-height-default elementor-section-height-default\" data-id=\"76d8a87\" data-element_type=\"section\" data-e-type=\"section\">\n\t\t\t\t\t\t<div class=\"elementor-container elementor-column-gap-default\">\n\t\t\t\t\t<div class=\"elementor-column elementor-col-100 elementor-top-column elementor-element elementor-element-12773158\" data-id=\"12773158\" data-element_type=\"column\" data-e-type=\"column\">\n\t\t\t<div class=\"elementor-widget-wrap elementor-element-populated\">\n\t\t\t\t\t\t<div class=\"elementor-element elementor-element-441f79f elementor-headline--style-highlight elementor-widget elementor-widget-animated-headline\" data-id=\"441f79f\" data-element_type=\"widget\" data-e-type=\"widget\" data-settings=\"{&quot;marker&quot;:&quot;double_underline&quot;,&quot;highlighted_text&quot;:&quot;Visi\\u00f3n&quot;,&quot;headline_style&quot;:&quot;highlight&quot;,&quot;loop&quot;:&quot;yes&quot;,&quot;highlight_animation_duration&quot;:1200,&quot;highlight_iteration_delay&quot;:8000}\" data-widget_type=\"animated-headline.default\">\n\t\t\t\t<div class=\"elementor-widget-container\">\n\t\t\t\t\t\t\t<h3 class=\"elementor-headline\">\n\t\t\t\t<span class=\"elementor-headline-dynamic-wrapper elementor-headline-text-wrapper\">\n\t\t\t\t\t<span class=\"elementor-headline-dynamic-text elementor-headline-text-active\">Visi\u00f3n<\/span>\n\t\t\t\t<\/span>\n\t\t\t\t<\/h3>\n\t\t\t\t\t\t<\/div>\n\t\t\t\t<\/div>\n\t\t\t\t<div class=\"elementor-element elementor-element-737bc1a2 elementor-widget elementor-widget-spacer\" data-id=\"737bc1a2\" data-element_type=\"widget\" data-e-type=\"widget\" data-widget_type=\"spacer.default\">\n\t\t\t\t<div class=\"elementor-widget-container\">\n\t\t\t\t\t\t\t<div class=\"elementor-spacer\">\n\t\t\t<div class=\"elementor-spacer-inner\"><\/div>\n\t\t<\/div>\n\t\t\t\t\t\t<\/div>\n\t\t\t\t<\/div>\n\t\t\t\t<div class=\"elementor-element elementor-element-4dc9271e elementor-widget elementor-widget-text-editor\" data-id=\"4dc9271e\" data-element_type=\"widget\" data-e-type=\"widget\" data-widget_type=\"text-editor.default\">\n\t\t\t\t<div class=\"elementor-widget-container\">\n\t\t\t\t\t\t\t\t\t<p style=\"text-align: justify;\">La <strong>Fundaci\u00f3n GAEC<\/strong> para el 2027 pretende ser una organizaci\u00f3n de referencia en el \u00e1mbito de la Salud, que cubra las necesidades de ni\u00f1os, adolescentes y adultos con alteraciones en el neurodesarrollo, patolog\u00edas psiqui\u00e1tricas, consumo de sustancias psicoactivas, Adicciones, Ginecontetricia entre otros en Colombia.\u00a0 Tendr\u00e1 una producci\u00f3n intelectual creciente que le permitir\u00e1 innovar, tener sus servicios acreditados bas\u00e1ndose en alta calidad, integridad, eficacia, humanizaci\u00f3n, seguridad y transparencia.<\/p>\t\t\t\t\t\t\t\t<\/div>\n\t\t\t\t<\/div>\n\t\t\t\t\t<\/div>\n\t\t<\/div>\n\t\t\t\t\t<\/div>\n\t\t<\/section>\n\t\t\t\t<\/div>\n\t\t","protected":false},"excerpt":{"rendered":"<p>Visi\u00f3n La Fundaci\u00f3n GAEC para el 2027 pretende ser una organizaci\u00f3n de referencia en el \u00e1mbito de la Salud, que cubra las necesidades de ni\u00f1os, adolescentes y adultos con alteraciones en el neurodesarrollo, patolog\u00edas psiqui\u00e1tricas, consumo de sustancias psicoactivas, Adicciones, Ginecontetricia entre otros en Colombia.\u00a0 Tendr\u00e1 una producci\u00f3n intelectual creciente que le permitir\u00e1 innovar, tener [&hellip;]<\/p>\n","protected":false},"author":1,"featured_media":0,"parent":0,"menu_order":0,"comment_status":"closed","ping_status":"closed","template":"","meta":{"footnotes":""},"class_list":["post-140","page","type-page","status-publish","hentry"],"_links":{"self":[{"href":"https:\/\/fundaciongaec.com.co\/fundaciongaec\/web\/wp-json\/wp\/v2\/pages\/140","targetHints":{"allow":["GET"]}}],"collection":[{"href":"https:\/\/fundaciongaec.com.co\/fundaciongaec\/web\/wp-json\/wp\/v2\/pages"}],"about":[{"href":"https:\/\/fundaciongaec.com.co\/fundaciongaec\/web\/wp-json\/wp\/v2\/types\/page"}],"author":[{"embeddable":true,"href":"https:\/\/fundaciongaec.com.co\/fundaciongaec\/web\/wp-json\/wp\/v2\/users\/1"}],"replies":[{"embeddable":true,"href":"https:\/\/fundaciongaec.com.co\/fundaciongaec\/web\/wp-json\/wp\/v2\/comments?post=140"}],"version-history":[{"count":9,"href":"https:\/\/fundaciongaec.com.co\/fundaciongaec\/web\/wp-json\/wp\/v2\/pages\/140\/revisions"}],"predecessor-version":[{"id":193,"href":"https:\/\/fundaciongaec.com.co\/fundaciongaec\/web\/wp-json\/wp\/v2\/pages\/140\/revisions\/193"}],"wp:attachment":[{"href":"https:\/\/fundaciongaec.com.co\/fundaciongaec\/web\/wp-json\/wp\/v2\/media?parent=140"}],"curies":[{"name":"wp","href":"https:\/\/api.w.org\/{rel}","templated":true}]}}