{"id":15,"date":"2020-02-14T19:45:04","date_gmt":"2020-02-14T19:45:04","guid":{"rendered":"http:\/\/fundaciongaec.com.co\/fundaciongaec\/web\/?page_id=15"},"modified":"2024-09-24T07:48:11","modified_gmt":"2024-09-24T12:48:11","slug":"inicio","status":"publish","type":"page","link":"https:\/\/fundaciongaec.com.co\/fundaciongaec\/web\/","title":{"rendered":"Inicio"},"content":{"rendered":"\t\t<div data-elementor-type=\"wp-page\" data-elementor-id=\"15\" class=\"elementor elementor-15\" data-elementor-post-type=\"page\">\n\t\t\t\t\t\t<section class=\"elementor-section elementor-top-section elementor-element elementor-element-5dea45e6 elementor-section-boxed elementor-section-height-default elementor-section-height-default\" data-id=\"5dea45e6\" data-element_type=\"section\" data-e-type=\"section\">\n\t\t\t\t\t\t<div class=\"elementor-container elementor-column-gap-default\">\n\t\t\t\t\t<div class=\"elementor-column elementor-col-100 elementor-top-column elementor-element elementor-element-7cbb9780\" data-id=\"7cbb9780\" data-element_type=\"column\" data-e-type=\"column\">\n\t\t\t<div class=\"elementor-widget-wrap\">\n\t\t\t\t\t\t\t<\/div>\n\t\t<\/div>\n\t\t\t\t\t<\/div>\n\t\t<\/section>\n\t\t\t\t<section class=\"elementor-section elementor-top-section elementor-element elementor-element-60282822 elementor-section-boxed elementor-section-height-default elementor-section-height-default\" data-id=\"60282822\" data-element_type=\"section\" data-e-type=\"section\">\n\t\t\t\t\t\t<div class=\"elementor-container elementor-column-gap-default\">\n\t\t\t\t\t<div class=\"elementor-column elementor-col-100 elementor-top-column elementor-element elementor-element-7ce6fbf9\" data-id=\"7ce6fbf9\" data-element_type=\"column\" data-e-type=\"column\">\n\t\t\t<div class=\"elementor-widget-wrap elementor-element-populated\">\n\t\t\t\t\t\t<div class=\"elementor-element elementor-element-1fdd45e elementor-headline--style-highlight elementor-widget elementor-widget-animated-headline\" data-id=\"1fdd45e\" data-element_type=\"widget\" data-e-type=\"widget\" data-settings=\"{&quot;marker&quot;:&quot;double_underline&quot;,&quot;highlighted_text&quot;:&quot;Somos?&quot;,&quot;headline_style&quot;:&quot;highlight&quot;,&quot;loop&quot;:&quot;yes&quot;,&quot;highlight_animation_duration&quot;:1200,&quot;highlight_iteration_delay&quot;:8000}\" data-widget_type=\"animated-headline.default\">\n\t\t\t\t<div class=\"elementor-widget-container\">\n\t\t\t\t\t\t\t<h3 class=\"elementor-headline\">\n\t\t\t\t\t<span class=\"elementor-headline-plain-text elementor-headline-text-wrapper\">Quienes<\/span>\n\t\t\t\t<span class=\"elementor-headline-dynamic-wrapper elementor-headline-text-wrapper\">\n\t\t\t\t\t<span class=\"elementor-headline-dynamic-text elementor-headline-text-active\">Somos?<\/span>\n\t\t\t\t<\/span>\n\t\t\t\t<\/h3>\n\t\t\t\t\t\t<\/div>\n\t\t\t\t<\/div>\n\t\t\t\t<div class=\"elementor-element elementor-element-6b4ab3e elementor-widget elementor-widget-text-editor\" data-id=\"6b4ab3e\" data-element_type=\"widget\" data-e-type=\"widget\" data-widget_type=\"text-editor.default\">\n\t\t\t\t<div class=\"elementor-widget-container\">\n\t\t\t\t\t\t\t\t\t<p style=\"text-align: justify;\">La <strong>FUNDACI\u00d3N GAEC<\/strong>. Es una entidad sin \u00e1nimo de lucro en salud basado en un abordaje multidisciplinar, caracterizada por la promoci\u00f3n, prevenci\u00f3n y la atenci\u00f3n para ni\u00f1os, adolescentes y adultos, nuestro abordaje contempla la atenci\u00f3n cl\u00ednica, investigaci\u00f3n y el apoyo a la formaci\u00f3n acad\u00e9mica a nivel superior y complementaria. Ofrecemos programas en salud integral, personalizado centrado en la rehabilitaci\u00f3n completa, humanizada y a la vanguardia, para esto contamos con un equipo id\u00f3neo de investigaci\u00f3n que optimiza los procesos, innova, educa a la comunidad, a la vez se encuentra respaldado por la educaci\u00f3n contin\u00faa volvi\u00e9ndonos competitivos en el mercado.<\/p><p style=\"text-align: justify;\">La <strong>fundaci\u00f3n GAEC<\/strong>\u00a0 est\u00e1 encargada de administrar y coordinar los centros de atenci\u00f3n (IPS) encargados de prestar el servicio en salud b\u00e1sico y especializado,\u00a0 contamos con\u00a0 PSICO KIDS (IPS) donde ofrecemos servicios de atenci\u00f3n\u00a0\u00a0 m\u00e9dica\u00a0\u00a0 y\u00a0\u00a0 rehabilitaci\u00f3n\u00a0\u00a0 multidisciplinar especializada\u00a0 para\u00a0 problemas\u00a0 relacionados\u00a0 con\u00a0 la conducta, el\u00a0 estado de \u00e1nimo, ansiedad, comportamiento alimentario,\u00a0 Neurodesarrollo \u2013 aprendizaje en ni\u00f1os y adolescentes,\u00a0 prestaci\u00f3n\u00a0 de\u00a0 servicios\u00a0 de\u00a0 an\u00e1lisis conductual\u00a0\u00a0 aplicado,\u00a0\u00a0 modelo\u00a0\u00a0 de\u00a0\u00a0 estimulaci\u00f3n\u00a0\u00a0 y atenci\u00f3n temprana Denver, terapia cognitivo conductual, rehabilitaci\u00f3n\/ estimulaci\u00f3n neuropsicol\u00f3gica y modelo integral de intervenci\u00f3n de comportamiento alimentario. Y Mental Health Renacer (IPS). Es una unidad de atenci\u00f3n m\u00e9dica especializada, en el abordaje multidisciplinar en la salud mental de los adultos, adolescente y ni\u00f1os en el segundo nivel de atenci\u00f3n; nuestro abordaje contempla la atenci\u00f3n cl\u00ednica, investigaci\u00f3n, promoci\u00f3n prevenci\u00f3n y tratamiento de las enfermedades psiqui\u00e1tricas y el abordaje integral del consumo de sustancias psicoactivas y otras adicciones.<\/p>\t\t\t\t\t\t\t\t<\/div>\n\t\t\t\t<\/div>\n\t\t\t\t<div class=\"elementor-element elementor-element-50932ab elementor-widget elementor-widget-spacer\" data-id=\"50932ab\" data-element_type=\"widget\" data-e-type=\"widget\" data-widget_type=\"spacer.default\">\n\t\t\t\t<div class=\"elementor-widget-container\">\n\t\t\t\t\t\t\t<div class=\"elementor-spacer\">\n\t\t\t<div class=\"elementor-spacer-inner\"><\/div>\n\t\t<\/div>\n\t\t\t\t\t\t<\/div>\n\t\t\t\t<\/div>\n\t\t\t\t\t<\/div>\n\t\t<\/div>\n\t\t\t\t\t<\/div>\n\t\t<\/section>\n\t\t\t\t<section class=\"elementor-section elementor-top-section elementor-element elementor-element-3c77bc9f elementor-section-boxed elementor-section-height-default elementor-section-height-default\" data-id=\"3c77bc9f\" data-element_type=\"section\" data-e-type=\"section\">\n\t\t\t\t\t\t<div class=\"elementor-container elementor-column-gap-default\">\n\t\t\t\t\t<div class=\"elementor-column elementor-col-50 elementor-top-column elementor-element elementor-element-3115e94d\" data-id=\"3115e94d\" data-element_type=\"column\" data-e-type=\"column\">\n\t\t\t<div class=\"elementor-widget-wrap elementor-element-populated\">\n\t\t\t\t\t\t<div class=\"elementor-element elementor-element-44e22eed elementor-invisible elementor-widget elementor-widget-image\" data-id=\"44e22eed\" data-element_type=\"widget\" data-e-type=\"widget\" data-settings=\"{&quot;_animation&quot;:&quot;rotateInDownLeft&quot;}\" data-widget_type=\"image.default\">\n\t\t\t\t<div class=\"elementor-widget-container\">\n\t\t\t\t\t\t\t\t\t\t\t\t\t\t\t\t<a href=\"https:\/\/fgaecpsicokids.com.co\/web\/portafolio\/\" target=\"_blank\">\n\t\t\t\t\t\t\t<img decoding=\"async\" width=\"300\" height=\"131\" src=\"https:\/\/fundaciongaec.com.co\/fundaciongaec\/web\/wp-content\/uploads\/2023\/07\/logo-normal-sin-Fondo-300x131.png\" class=\"attachment-medium size-medium wp-image-336\" alt=\"\" srcset=\"https:\/\/fundaciongaec.com.co\/fundaciongaec\/web\/wp-content\/uploads\/2023\/07\/logo-normal-sin-Fondo-300x131.png 300w, https:\/\/fundaciongaec.com.co\/fundaciongaec\/web\/wp-content\/uploads\/2023\/07\/logo-normal-sin-Fondo-1024x447.png 1024w, https:\/\/fundaciongaec.com.co\/fundaciongaec\/web\/wp-content\/uploads\/2023\/07\/logo-normal-sin-Fondo-768x335.png 768w, https:\/\/fundaciongaec.com.co\/fundaciongaec\/web\/wp-content\/uploads\/2023\/07\/logo-normal-sin-Fondo-1536x671.png 1536w, https:\/\/fundaciongaec.com.co\/fundaciongaec\/web\/wp-content\/uploads\/2023\/07\/logo-normal-sin-Fondo.png 1828w\" sizes=\"(max-width: 300px) 100vw, 300px\" \/>\t\t\t\t\t\t\t\t<\/a>\n\t\t\t\t\t\t\t\t\t\t\t\t\t\t\t<\/div>\n\t\t\t\t<\/div>\n\t\t\t\t<div class=\"elementor-element elementor-element-b3b57b9 elementor-widget elementor-widget-text-editor\" data-id=\"b3b57b9\" data-element_type=\"widget\" data-e-type=\"widget\" data-widget_type=\"text-editor.default\">\n\t\t\t\t<div class=\"elementor-widget-container\">\n\t\t\t\t\t\t\t\t\t<p style=\"text-align: justify;\"><strong>FUNDACION GAEC &#8211; PSICO KIDS (IPS) <\/strong>Somos una unidad de atenci\u00f3n especializada en alteraciones del neurodesarrollo y salud mental, prestamos servicios individualizados y colectivos para clientes en todas las fases del ciclo vital incluida la familia.<\/p>\t\t\t\t\t\t\t\t<\/div>\n\t\t\t\t<\/div>\n\t\t\t\t<div class=\"elementor-element elementor-element-f05a5b1 elementor-widget elementor-widget-spacer\" data-id=\"f05a5b1\" data-element_type=\"widget\" data-e-type=\"widget\" data-widget_type=\"spacer.default\">\n\t\t\t\t<div class=\"elementor-widget-container\">\n\t\t\t\t\t\t\t<div class=\"elementor-spacer\">\n\t\t\t<div class=\"elementor-spacer-inner\"><\/div>\n\t\t<\/div>\n\t\t\t\t\t\t<\/div>\n\t\t\t\t<\/div>\n\t\t\t\t<div class=\"elementor-element elementor-element-42a9e33 elementor-shape-rounded elementor-grid-0 e-grid-align-center elementor-widget elementor-widget-social-icons\" data-id=\"42a9e33\" data-element_type=\"widget\" data-e-type=\"widget\" data-widget_type=\"social-icons.default\">\n\t\t\t\t<div class=\"elementor-widget-container\">\n\t\t\t\t\t\t\t<div class=\"elementor-social-icons-wrapper elementor-grid\" role=\"list\">\n\t\t\t\t\t\t\t<span class=\"elementor-grid-item\" role=\"listitem\">\n\t\t\t\t\t<a class=\"elementor-icon elementor-social-icon elementor-social-icon-facebook elementor-repeater-item-b2310ba\" href=\"https:\/\/www.facebook.com\/Psicokidsandteensoficial\/\" target=\"_blank\">\n\t\t\t\t\t\t<span class=\"elementor-screen-only\">Facebook<\/span>\n\t\t\t\t\t\t<i aria-hidden=\"true\" class=\"fab fa-facebook\"><\/i>\t\t\t\t\t<\/a>\n\t\t\t\t<\/span>\n\t\t\t\t\t\t\t<span class=\"elementor-grid-item\" role=\"listitem\">\n\t\t\t\t\t<a class=\"elementor-icon elementor-social-icon elementor-social-icon-instagram elementor-repeater-item-685aa13\" href=\"https:\/\/www.instagram.com\/psicokidsandteens_oficial\/\" target=\"_blank\">\n\t\t\t\t\t\t<span class=\"elementor-screen-only\">Instagram<\/span>\n\t\t\t\t\t\t<i aria-hidden=\"true\" class=\"fab fa-instagram\"><\/i>\t\t\t\t\t<\/a>\n\t\t\t\t<\/span>\n\t\t\t\t\t\t\t<span class=\"elementor-grid-item\" role=\"listitem\">\n\t\t\t\t\t<a class=\"elementor-icon elementor-social-icon elementor-social-icon-youtube elementor-repeater-item-52de151\" href=\"https:\/\/www.youtube.com\/channel\/UCUhAL5bI9vbnfL7s-88NLRw\" target=\"_blank\">\n\t\t\t\t\t\t<span class=\"elementor-screen-only\">Youtube<\/span>\n\t\t\t\t\t\t<i aria-hidden=\"true\" class=\"fab fa-youtube\"><\/i>\t\t\t\t\t<\/a>\n\t\t\t\t<\/span>\n\t\t\t\t\t\t\t<span class=\"elementor-grid-item\" role=\"listitem\">\n\t\t\t\t\t<a class=\"elementor-icon elementor-social-icon elementor-social-icon-whatsapp elementor-repeater-item-23d8ed1\" href=\"https:\/\/api.whatsapp.com\/send?phone=573044529609&#038;text=Hola..!!!%20me%20comunico%20desde%20el%20bot\u00f3n%20de%20la%20pagina%20web,%20Necesito%20mas%20Informaci\u00f3n!\" target=\"_blank\">\n\t\t\t\t\t\t<span class=\"elementor-screen-only\">Whatsapp<\/span>\n\t\t\t\t\t\t<i aria-hidden=\"true\" class=\"fab fa-whatsapp\"><\/i>\t\t\t\t\t<\/a>\n\t\t\t\t<\/span>\n\t\t\t\t\t<\/div>\n\t\t\t\t\t\t<\/div>\n\t\t\t\t<\/div>\n\t\t\t\t<div class=\"elementor-element elementor-element-fe1a315 elementor-button-info elementor-align-center elementor-widget elementor-widget-button\" data-id=\"fe1a315\" data-element_type=\"widget\" data-e-type=\"widget\" data-widget_type=\"button.default\">\n\t\t\t\t<div class=\"elementor-widget-container\">\n\t\t\t\t\t\t\t\t\t<div class=\"elementor-button-wrapper\">\n\t\t\t\t\t<a class=\"elementor-button elementor-button-link elementor-size-sm\" href=\"https:\/\/fgaecpsicokids.com.co\/web\/portafolio\/\" target=\"_blank\">\n\t\t\t\t\t\t<span class=\"elementor-button-content-wrapper\">\n\t\t\t\t\t\t<span class=\"elementor-button-icon\">\n\t\t\t\t<i aria-hidden=\"true\" class=\"fas fa-arrow-right\"><\/i>\t\t\t<\/span>\n\t\t\t\t\t\t\t\t\t<span class=\"elementor-button-text\">Quiero saber m\u00e1s<\/span>\n\t\t\t\t\t<\/span>\n\t\t\t\t\t<\/a>\n\t\t\t\t<\/div>\n\t\t\t\t\t\t\t\t<\/div>\n\t\t\t\t<\/div>\n\t\t\t\t\t<\/div>\n\t\t<\/div>\n\t\t\t\t<div class=\"elementor-column elementor-col-50 elementor-top-column elementor-element elementor-element-665f198a\" data-id=\"665f198a\" data-element_type=\"column\" data-e-type=\"column\">\n\t\t\t<div class=\"elementor-widget-wrap elementor-element-populated\">\n\t\t\t\t\t\t<div class=\"elementor-element elementor-element-3eddbc82 elementor-invisible elementor-widget elementor-widget-image\" data-id=\"3eddbc82\" data-element_type=\"widget\" data-e-type=\"widget\" data-settings=\"{&quot;_animation&quot;:&quot;rotateInDownRight&quot;}\" data-widget_type=\"image.default\">\n\t\t\t\t<div class=\"elementor-widget-container\">\n\t\t\t\t\t\t\t\t\t\t\t\t\t\t\t\t<a href=\"https:\/\/mentalhrenacer.com.co\/web\/portafolio\/\" target=\"_blank\">\n\t\t\t\t\t\t\t<img decoding=\"async\" src=\"https:\/\/fundaciongaec.com.co\/fundaciongaec\/web\/wp-content\/uploads\/elementor\/thumbs\/LOGO-MENTAL-HEALTH-png_Mesa-de-trabajo-1-pfrjbr2rnq9ijgueus1v2z9b7yk4mgoudkk27aqlwc.png\" title=\"Mental Health Renacer (IPS)\" alt=\"Mental Health Renacer (IPS)\" loading=\"lazy\" \/>\t\t\t\t\t\t\t\t<\/a>\n\t\t\t\t\t\t\t\t\t\t\t\t\t\t\t<\/div>\n\t\t\t\t<\/div>\n\t\t\t\t<div class=\"elementor-element elementor-element-47cc769 elementor-widget elementor-widget-text-editor\" data-id=\"47cc769\" data-element_type=\"widget\" data-e-type=\"widget\" data-widget_type=\"text-editor.default\">\n\t\t\t\t<div class=\"elementor-widget-container\">\n\t\t\t\t\t\t\t\t\t<p style=\"text-align: justify;\"><strong>FUNDACION GAEC &#8211; Mental Health Renacer (IPS)<\/strong>. Es una unidad de atenci\u00f3n m\u00e9dica especializada, en el abordaje multidisciplinar en la salud mental de los adultos, adolescente y ni\u00f1os en el segundo nivel de atenci\u00f3n; nuestro abordaje contempla la atenci\u00f3n cl\u00ednica y tratamiento en salud mental y del consumo de sustancias psicoactivas y otras adicciones.<\/p>\t\t\t\t\t\t\t\t<\/div>\n\t\t\t\t<\/div>\n\t\t\t\t<div class=\"elementor-element elementor-element-e1f4aa2 elementor-shape-rounded elementor-grid-0 e-grid-align-center elementor-widget elementor-widget-social-icons\" data-id=\"e1f4aa2\" data-element_type=\"widget\" data-e-type=\"widget\" data-widget_type=\"social-icons.default\">\n\t\t\t\t<div class=\"elementor-widget-container\">\n\t\t\t\t\t\t\t<div class=\"elementor-social-icons-wrapper elementor-grid\" role=\"list\">\n\t\t\t\t\t\t\t<span class=\"elementor-grid-item\" role=\"listitem\">\n\t\t\t\t\t<a class=\"elementor-icon elementor-social-icon elementor-social-icon-facebook elementor-repeater-item-b2310ba\" href=\"https:\/\/www.facebook.com\/mentalhealthrenacerips\" target=\"_blank\">\n\t\t\t\t\t\t<span class=\"elementor-screen-only\">Facebook<\/span>\n\t\t\t\t\t\t<i aria-hidden=\"true\" class=\"fab fa-facebook\"><\/i>\t\t\t\t\t<\/a>\n\t\t\t\t<\/span>\n\t\t\t\t\t\t\t<span class=\"elementor-grid-item\" role=\"listitem\">\n\t\t\t\t\t<a class=\"elementor-icon elementor-social-icon elementor-social-icon-instagram elementor-repeater-item-685aa13\" href=\"https:\/\/www.instagram.com\/mentalhealthrenacerips\/\" target=\"_blank\">\n\t\t\t\t\t\t<span class=\"elementor-screen-only\">Instagram<\/span>\n\t\t\t\t\t\t<i aria-hidden=\"true\" class=\"fab fa-instagram\"><\/i>\t\t\t\t\t<\/a>\n\t\t\t\t<\/span>\n\t\t\t\t\t\t\t<span class=\"elementor-grid-item\" role=\"listitem\">\n\t\t\t\t\t<a class=\"elementor-icon elementor-social-icon elementor-social-icon-whatsapp elementor-repeater-item-23d8ed1\" href=\"https:\/\/api.whatsapp.com\/send?phone=573174977087&#038;text=&#038;source=&#038;data=&#038;app_absent=\" target=\"_blank\">\n\t\t\t\t\t\t<span class=\"elementor-screen-only\">Whatsapp<\/span>\n\t\t\t\t\t\t<i aria-hidden=\"true\" class=\"fab fa-whatsapp\"><\/i>\t\t\t\t\t<\/a>\n\t\t\t\t<\/span>\n\t\t\t\t\t<\/div>\n\t\t\t\t\t\t<\/div>\n\t\t\t\t<\/div>\n\t\t\t\t<div class=\"elementor-element elementor-element-606be72 elementor-button-info elementor-align-center elementor-widget elementor-widget-button\" data-id=\"606be72\" data-element_type=\"widget\" data-e-type=\"widget\" data-widget_type=\"button.default\">\n\t\t\t\t<div class=\"elementor-widget-container\">\n\t\t\t\t\t\t\t\t\t<div class=\"elementor-button-wrapper\">\n\t\t\t\t\t<a class=\"elementor-button elementor-button-link elementor-size-sm\" href=\"https:\/\/mentalhrenacer.com.co\/web\/portafolio\/\" target=\"_blank\">\n\t\t\t\t\t\t<span class=\"elementor-button-content-wrapper\">\n\t\t\t\t\t\t<span class=\"elementor-button-icon\">\n\t\t\t\t<i aria-hidden=\"true\" class=\"fas fa-arrow-right\"><\/i>\t\t\t<\/span>\n\t\t\t\t\t\t\t\t\t<span class=\"elementor-button-text\">Quiero saber m\u00e1s<\/span>\n\t\t\t\t\t<\/span>\n\t\t\t\t\t<\/a>\n\t\t\t\t<\/div>\n\t\t\t\t\t\t\t\t<\/div>\n\t\t\t\t<\/div>\n\t\t\t\t\t<\/div>\n\t\t<\/div>\n\t\t\t\t\t<\/div>\n\t\t<\/section>\n\t\t\t\t<section class=\"elementor-section elementor-top-section elementor-element elementor-element-1f40212 elementor-section-boxed elementor-section-height-default elementor-section-height-default\" data-id=\"1f40212\" data-element_type=\"section\" data-e-type=\"section\">\n\t\t\t\t\t\t<div class=\"elementor-container elementor-column-gap-default\">\n\t\t\t\t\t<div class=\"elementor-column elementor-col-50 elementor-top-column elementor-element elementor-element-f04115d\" data-id=\"f04115d\" data-element_type=\"column\" data-e-type=\"column\">\n\t\t\t<div class=\"elementor-widget-wrap elementor-element-populated\">\n\t\t\t\t\t\t<div class=\"elementor-element elementor-element-a87b984 elementor-widget elementor-widget-heading\" data-id=\"a87b984\" data-element_type=\"widget\" data-e-type=\"widget\" data-widget_type=\"heading.default\">\n\t\t\t\t<div class=\"elementor-widget-container\">\n\t\t\t\t\t<h4 class=\"elementor-heading-title elementor-size-default\">Manga, Primer Callej\u00f3n, Cra 18a # 26 - 180<\/h4>\t\t\t\t<\/div>\n\t\t\t\t<\/div>\n\t\t\t\t<div class=\"elementor-element elementor-element-de20a81 elementor-widget elementor-widget-text-editor\" data-id=\"de20a81\" data-element_type=\"widget\" data-e-type=\"widget\" data-widget_type=\"text-editor.default\">\n\t\t\t\t<div class=\"elementor-widget-container\">\n\t\t\t\t\t\t\t\t\t<iframe src=\"https:\/\/www.google.com\/maps\/embed?pb=!1m14!1m8!1m3!1d15696.233690858515!2d-75.538519!3d10.4169348!3m2!1i1024!2i768!4f13.1!3m3!1m2!1s0x0%3A0xf1fd5cb78e3fbde6!2sPsico%20kids%20%26%20teens!5e0!3m2!1ses-419!2sco!4v1596748557051!5m2!1ses-419!2sco\" width=\"600\" height=\"450\" frameborder=\"0\" style=\"border:0;\" allowfullscreen=\"\" aria-hidden=\"false\" tabindex=\"0\"><\/iframe>\t\t\t\t\t\t\t\t<\/div>\n\t\t\t\t<\/div>\n\t\t\t\t<div class=\"elementor-element elementor-element-ec8d822 elementor-widget elementor-widget-spacer\" data-id=\"ec8d822\" data-element_type=\"widget\" data-e-type=\"widget\" data-widget_type=\"spacer.default\">\n\t\t\t\t<div class=\"elementor-widget-container\">\n\t\t\t\t\t\t\t<div class=\"elementor-spacer\">\n\t\t\t<div class=\"elementor-spacer-inner\"><\/div>\n\t\t<\/div>\n\t\t\t\t\t\t<\/div>\n\t\t\t\t<\/div>\n\t\t\t\t\t<\/div>\n\t\t<\/div>\n\t\t\t\t<div class=\"elementor-column elementor-col-50 elementor-top-column elementor-element elementor-element-e62f64c\" data-id=\"e62f64c\" data-element_type=\"column\" data-e-type=\"column\">\n\t\t\t<div class=\"elementor-widget-wrap elementor-element-populated\">\n\t\t\t\t\t\t<div class=\"elementor-element elementor-element-bc7fce3 elementor-widget elementor-widget-heading\" data-id=\"bc7fce3\" data-element_type=\"widget\" data-e-type=\"widget\" data-widget_type=\"heading.default\">\n\t\t\t\t<div class=\"elementor-widget-container\">\n\t\t\t\t\t<h5 class=\"elementor-heading-title elementor-size-default\">Escallon villa, Calle 11 de Noviembre, Cra 55 # 30D - 27<\/h5>\t\t\t\t<\/div>\n\t\t\t\t<\/div>\n\t\t\t\t<div class=\"elementor-element elementor-element-aedaeb9 elementor-widget elementor-widget-text-editor\" data-id=\"aedaeb9\" data-element_type=\"widget\" data-e-type=\"widget\" data-widget_type=\"text-editor.default\">\n\t\t\t\t<div class=\"elementor-widget-container\">\n\t\t\t\t\t\t\t\t\t<iframe src=\"https:\/\/www.google.com\/maps\/embed?pb=!1m18!1m12!1m3!1d62791.21480307576!2d-75.49580054951538!3d10.385714724915715!2m3!1f0!2f0!3f0!3m2!1i1024!2i768!4f13.1!3m3!1m2!1s0x8ef625bf95218d71%3A0x57c2365e8bbc6a!2sMental%20Health%20Renacer%20IPS!5e0!3m2!1ses-419!2sco!4v1618586485187!5m2!1ses-419!2sco\" width=\"600\" height=\"450\" style=\"border:0;\" allowfullscreen=\"\" loading=\"lazy\"><\/iframe>\t\t\t\t\t\t\t\t<\/div>\n\t\t\t\t<\/div>\n\t\t\t\t\t<\/div>\n\t\t<\/div>\n\t\t\t\t\t<\/div>\n\t\t<\/section>\n\t\t\t\t<\/div>\n\t\t","protected":false},"excerpt":{"rendered":"<p>Quienes Somos? La FUNDACI\u00d3N GAEC. Es una entidad sin \u00e1nimo de lucro en salud basado en un abordaje multidisciplinar, caracterizada por la promoci\u00f3n, prevenci\u00f3n y la atenci\u00f3n para ni\u00f1os, adolescentes y adultos, nuestro abordaje contempla la atenci\u00f3n cl\u00ednica, investigaci\u00f3n y el apoyo a la formaci\u00f3n acad\u00e9mica a nivel superior y complementaria. Ofrecemos programas en salud [&hellip;]<\/p>\n","protected":false},"author":1,"featured_media":0,"parent":0,"menu_order":0,"comment_status":"closed","ping_status":"closed","template":"","meta":{"footnotes":""},"class_list":["post-15","page","type-page","status-publish","hentry"],"_links":{"self":[{"href":"https:\/\/fundaciongaec.com.co\/fundaciongaec\/web\/wp-json\/wp\/v2\/pages\/15","targetHints":{"allow":["GET"]}}],"collection":[{"href":"https:\/\/fundaciongaec.com.co\/fundaciongaec\/web\/wp-json\/wp\/v2\/pages"}],"about":[{"href":"https:\/\/fundaciongaec.com.co\/fundaciongaec\/web\/wp-json\/wp\/v2\/types\/page"}],"author":[{"embeddable":true,"href":"https:\/\/fundaciongaec.com.co\/fundaciongaec\/web\/wp-json\/wp\/v2\/users\/1"}],"replies":[{"embeddable":true,"href":"https:\/\/fundaciongaec.com.co\/fundaciongaec\/web\/wp-json\/wp\/v2\/comments?post=15"}],"version-history":[{"count":124,"href":"https:\/\/fundaciongaec.com.co\/fundaciongaec\/web\/wp-json\/wp\/v2\/pages\/15\/revisions"}],"predecessor-version":[{"id":380,"href":"https:\/\/fundaciongaec.com.co\/fundaciongaec\/web\/wp-json\/wp\/v2\/pages\/15\/revisions\/380"}],"wp:attachment":[{"href":"https:\/\/fundaciongaec.com.co\/fundaciongaec\/web\/wp-json\/wp\/v2\/media?parent=15"}],"curies":[{"name":"wp","href":"https:\/\/api.w.org\/{rel}","templated":true}]}}