{"id":150,"date":"2021-06-02T11:32:38","date_gmt":"2021-06-02T16:32:38","guid":{"rendered":"https:\/\/fundaciongaec.com.co\/fundaciongaec\/web\/?page_id=150"},"modified":"2021-06-02T11:34:18","modified_gmt":"2021-06-02T16:34:18","slug":"valores","status":"publish","type":"page","link":"https:\/\/fundaciongaec.com.co\/fundaciongaec\/web\/valores\/","title":{"rendered":"Valores"},"content":{"rendered":"\t\t<div data-elementor-type=\"wp-page\" data-elementor-id=\"150\" class=\"elementor elementor-150\" data-elementor-post-type=\"page\">\n\t\t\t\t\t\t<section class=\"elementor-section elementor-top-section elementor-element elementor-element-50711ff3 elementor-section-boxed elementor-section-height-default elementor-section-height-default\" data-id=\"50711ff3\" data-element_type=\"section\" data-e-type=\"section\">\n\t\t\t\t\t\t<div class=\"elementor-container elementor-column-gap-default\">\n\t\t\t\t\t<div class=\"elementor-column elementor-col-100 elementor-top-column elementor-element elementor-element-1c6629ea\" data-id=\"1c6629ea\" data-element_type=\"column\" data-e-type=\"column\">\n\t\t\t<div class=\"elementor-widget-wrap elementor-element-populated\">\n\t\t\t\t\t\t<div class=\"elementor-element elementor-element-5cc25ed7 elementor-headline--style-highlight elementor-widget elementor-widget-animated-headline\" data-id=\"5cc25ed7\" data-element_type=\"widget\" data-e-type=\"widget\" data-settings=\"{&quot;marker&quot;:&quot;double_underline&quot;,&quot;highlighted_text&quot;:&quot;Valores&quot;,&quot;headline_style&quot;:&quot;highlight&quot;,&quot;loop&quot;:&quot;yes&quot;,&quot;highlight_animation_duration&quot;:1200,&quot;highlight_iteration_delay&quot;:8000}\" data-widget_type=\"animated-headline.default\">\n\t\t\t\t<div class=\"elementor-widget-container\">\n\t\t\t\t\t\t\t<h3 class=\"elementor-headline\">\n\t\t\t\t<span class=\"elementor-headline-dynamic-wrapper elementor-headline-text-wrapper\">\n\t\t\t\t\t<span class=\"elementor-headline-dynamic-text elementor-headline-text-active\">Valores<\/span>\n\t\t\t\t<\/span>\n\t\t\t\t<\/h3>\n\t\t\t\t\t\t<\/div>\n\t\t\t\t<\/div>\n\t\t\t\t<div class=\"elementor-element elementor-element-15ba4493 elementor-widget elementor-widget-spacer\" data-id=\"15ba4493\" data-element_type=\"widget\" data-e-type=\"widget\" data-widget_type=\"spacer.default\">\n\t\t\t\t<div class=\"elementor-widget-container\">\n\t\t\t\t\t\t\t<div class=\"elementor-spacer\">\n\t\t\t<div class=\"elementor-spacer-inner\"><\/div>\n\t\t<\/div>\n\t\t\t\t\t\t<\/div>\n\t\t\t\t<\/div>\n\t\t\t\t<div class=\"elementor-element elementor-element-f472bb0 elementor-widget elementor-widget-text-editor\" data-id=\"f472bb0\" data-element_type=\"widget\" data-e-type=\"widget\" data-widget_type=\"text-editor.default\">\n\t\t\t\t<div class=\"elementor-widget-container\">\n\t\t\t\t\t\t\t\t\t<ul><li><strong>Calidad:<\/strong> Compromiso de Mejora Continua asumida por toda la fundaci\u00f3n. Servicios orientados a conquistar la satisfacci\u00f3n del cliente externo e interno con el compromiso de adelantarse y superar sus expectativas y necesidades.<\/li><\/ul><ul><li><strong>Eficiencia:<\/strong> la Fundaci\u00f3n se compromete a alcanzar el mayor n\u00famero de objetivos utilizando el menor n\u00famero de recursos, energ\u00eda y tiempo que sean necesarios.<\/li><\/ul><ul><li><strong>Accesibilidad:<\/strong> Ser asequibles, estar dispuestos para dar una respuesta r\u00e1pida y adecuada a las demandas de nuestros clientes.<\/li><\/ul><ul><li><strong>Innovaci\u00f3n y Flexibilidad:<\/strong> Capacidad de adaptaci\u00f3n con dinamismo, agilidad y creatividad para dar respuesta a los cambios en el entorno, a la incorporaci\u00f3n de nuevas tecnolog\u00edas y a las necesidades de los ciudadanos.<\/li><\/ul><ul><li><strong>Transparencia:<\/strong>\u00a0Compromiso con la sociedad de claridad y respeto a la normativa vigente en las actuaciones desarrolladas por Fundaci\u00f3n.<\/li><\/ul>\t\t\t\t\t\t\t\t<\/div>\n\t\t\t\t<\/div>\n\t\t\t\t\t<\/div>\n\t\t<\/div>\n\t\t\t\t\t<\/div>\n\t\t<\/section>\n\t\t\t\t<\/div>\n\t\t","protected":false},"excerpt":{"rendered":"<p>Valores Calidad: Compromiso de Mejora Continua asumida por toda la fundaci\u00f3n. Servicios orientados a conquistar la satisfacci\u00f3n del cliente externo e interno con el compromiso de adelantarse y superar sus expectativas y necesidades. Eficiencia: la Fundaci\u00f3n se compromete a alcanzar el mayor n\u00famero de objetivos utilizando el menor n\u00famero de recursos, energ\u00eda y tiempo que [&hellip;]<\/p>\n","protected":false},"author":1,"featured_media":0,"parent":0,"menu_order":0,"comment_status":"closed","ping_status":"closed","template":"","meta":{"footnotes":""},"class_list":["post-150","page","type-page","status-publish","hentry"],"_links":{"self":[{"href":"https:\/\/fundaciongaec.com.co\/fundaciongaec\/web\/wp-json\/wp\/v2\/pages\/150","targetHints":{"allow":["GET"]}}],"collection":[{"href":"https:\/\/fundaciongaec.com.co\/fundaciongaec\/web\/wp-json\/wp\/v2\/pages"}],"about":[{"href":"https:\/\/fundaciongaec.com.co\/fundaciongaec\/web\/wp-json\/wp\/v2\/types\/page"}],"author":[{"embeddable":true,"href":"https:\/\/fundaciongaec.com.co\/fundaciongaec\/web\/wp-json\/wp\/v2\/users\/1"}],"replies":[{"embeddable":true,"href":"https:\/\/fundaciongaec.com.co\/fundaciongaec\/web\/wp-json\/wp\/v2\/comments?post=150"}],"version-history":[{"count":9,"href":"https:\/\/fundaciongaec.com.co\/fundaciongaec\/web\/wp-json\/wp\/v2\/pages\/150\/revisions"}],"predecessor-version":[{"id":159,"href":"https:\/\/fundaciongaec.com.co\/fundaciongaec\/web\/wp-json\/wp\/v2\/pages\/150\/revisions\/159"}],"wp:attachment":[{"href":"https:\/\/fundaciongaec.com.co\/fundaciongaec\/web\/wp-json\/wp\/v2\/media?parent=150"}],"curies":[{"name":"wp","href":"https:\/\/api.w.org\/{rel}","templated":true}]}}