{"id":160,"date":"2021-06-02T11:35:23","date_gmt":"2021-06-02T16:35:23","guid":{"rendered":"https:\/\/fundaciongaec.com.co\/fundaciongaec\/web\/?page_id=160"},"modified":"2021-11-08T08:40:58","modified_gmt":"2021-11-08T13:40:58","slug":"objetivos","status":"publish","type":"page","link":"https:\/\/fundaciongaec.com.co\/fundaciongaec\/web\/objetivos\/","title":{"rendered":"Objetivos"},"content":{"rendered":"\t\t<div data-elementor-type=\"wp-page\" data-elementor-id=\"160\" class=\"elementor elementor-160\" data-elementor-post-type=\"page\">\n\t\t\t\t\t\t<section class=\"elementor-section elementor-top-section elementor-element elementor-element-77dc6aeb elementor-section-boxed elementor-section-height-default elementor-section-height-default\" data-id=\"77dc6aeb\" data-element_type=\"section\" data-e-type=\"section\">\n\t\t\t\t\t\t<div class=\"elementor-container elementor-column-gap-default\">\n\t\t\t\t\t<div class=\"elementor-column elementor-col-100 elementor-top-column elementor-element elementor-element-17a31a4f\" data-id=\"17a31a4f\" data-element_type=\"column\" data-e-type=\"column\">\n\t\t\t<div class=\"elementor-widget-wrap elementor-element-populated\">\n\t\t\t\t\t\t<div class=\"elementor-element elementor-element-3a3bd7c7 elementor-headline--style-highlight elementor-widget elementor-widget-animated-headline\" data-id=\"3a3bd7c7\" data-element_type=\"widget\" data-e-type=\"widget\" data-settings=\"{&quot;marker&quot;:&quot;double_underline&quot;,&quot;highlighted_text&quot;:&quot;Objetivos&quot;,&quot;headline_style&quot;:&quot;highlight&quot;,&quot;loop&quot;:&quot;yes&quot;,&quot;highlight_animation_duration&quot;:1200,&quot;highlight_iteration_delay&quot;:8000}\" data-widget_type=\"animated-headline.default\">\n\t\t\t\t<div class=\"elementor-widget-container\">\n\t\t\t\t\t\t\t<h3 class=\"elementor-headline\">\n\t\t\t\t<span class=\"elementor-headline-dynamic-wrapper elementor-headline-text-wrapper\">\n\t\t\t\t\t<span class=\"elementor-headline-dynamic-text elementor-headline-text-active\">Objetivos<\/span>\n\t\t\t\t<\/span>\n\t\t\t\t<\/h3>\n\t\t\t\t\t\t<\/div>\n\t\t\t\t<\/div>\n\t\t\t\t<div class=\"elementor-element elementor-element-126fd735 elementor-widget elementor-widget-spacer\" data-id=\"126fd735\" data-element_type=\"widget\" data-e-type=\"widget\" data-widget_type=\"spacer.default\">\n\t\t\t\t<div class=\"elementor-widget-container\">\n\t\t\t\t\t\t\t<div class=\"elementor-spacer\">\n\t\t\t<div class=\"elementor-spacer-inner\"><\/div>\n\t\t<\/div>\n\t\t\t\t\t\t<\/div>\n\t\t\t\t<\/div>\n\t\t\t\t<div class=\"elementor-element elementor-element-210f98e elementor-widget elementor-widget-text-editor\" data-id=\"210f98e\" data-element_type=\"widget\" data-e-type=\"widget\" data-widget_type=\"text-editor.default\">\n\t\t\t\t<div class=\"elementor-widget-container\">\n\t\t\t\t\t\t\t\t\t<p><strong>General<\/strong><\/p><ul><li>Promover desarrollar y brindar a atenci\u00f3n medica integral en salud adem\u00e1s de Administrar y coordinar los procesos de salud a cargo de sus centros de atenci\u00f3n especializados <strong>PSICO KIDS and TEENS (IPS) y Mental Health Renacer (IPS)<\/strong>.<\/li><\/ul><p>\u00a0<\/p><p><strong>Espec\u00edficos <\/strong><\/p><ul><li>Promover programas de prevenci\u00f3n en salud.<\/li><li>Crear y desarrollar proyectos de salud.<\/li><li>Brindar atenci\u00f3n m\u00e9dica con un servicio integral, humano y seguro.<\/li><li>Promover y apoyar la formaci\u00f3n acad\u00e9mica superior y complementaria en salud.<\/li><li>Promover, apoyar, y desarrollar investigaciones en el campo de la salud.<\/li><\/ul>\t\t\t\t\t\t\t\t<\/div>\n\t\t\t\t<\/div>\n\t\t\t\t\t<\/div>\n\t\t<\/div>\n\t\t\t\t\t<\/div>\n\t\t<\/section>\n\t\t\t\t<\/div>\n\t\t","protected":false},"excerpt":{"rendered":"<p>Objetivos General Promover desarrollar y brindar a atenci\u00f3n medica integral en salud adem\u00e1s de Administrar y coordinar los procesos de salud a cargo de sus centros de atenci\u00f3n especializados PSICO KIDS and TEENS (IPS) y Mental Health Renacer (IPS). \u00a0 Espec\u00edficos Promover programas de prevenci\u00f3n en salud. Crear y desarrollar proyectos de salud. Brindar atenci\u00f3n [&hellip;]<\/p>\n","protected":false},"author":1,"featured_media":0,"parent":0,"menu_order":0,"comment_status":"closed","ping_status":"closed","template":"elementor_canvas","meta":{"footnotes":""},"class_list":["post-160","page","type-page","status-publish","hentry"],"_links":{"self":[{"href":"https:\/\/fundaciongaec.com.co\/fundaciongaec\/web\/wp-json\/wp\/v2\/pages\/160","targetHints":{"allow":["GET"]}}],"collection":[{"href":"https:\/\/fundaciongaec.com.co\/fundaciongaec\/web\/wp-json\/wp\/v2\/pages"}],"about":[{"href":"https:\/\/fundaciongaec.com.co\/fundaciongaec\/web\/wp-json\/wp\/v2\/types\/page"}],"author":[{"embeddable":true,"href":"https:\/\/fundaciongaec.com.co\/fundaciongaec\/web\/wp-json\/wp\/v2\/users\/1"}],"replies":[{"embeddable":true,"href":"https:\/\/fundaciongaec.com.co\/fundaciongaec\/web\/wp-json\/wp\/v2\/comments?post=160"}],"version-history":[{"count":19,"href":"https:\/\/fundaciongaec.com.co\/fundaciongaec\/web\/wp-json\/wp\/v2\/pages\/160\/revisions"}],"predecessor-version":[{"id":202,"href":"https:\/\/fundaciongaec.com.co\/fundaciongaec\/web\/wp-json\/wp\/v2\/pages\/160\/revisions\/202"}],"wp:attachment":[{"href":"https:\/\/fundaciongaec.com.co\/fundaciongaec\/web\/wp-json\/wp\/v2\/media?parent=160"}],"curies":[{"name":"wp","href":"https:\/\/api.w.org\/{rel}","templated":true}]}}