{"id":99,"date":"2021-06-02T11:05:16","date_gmt":"2021-06-02T16:05:16","guid":{"rendered":"https:\/\/fundaciongaec.com.co\/fundaciongaec\/web\/?page_id=99"},"modified":"2021-11-08T08:28:58","modified_gmt":"2021-11-08T13:28:58","slug":"mision","status":"publish","type":"page","link":"https:\/\/fundaciongaec.com.co\/fundaciongaec\/web\/mision\/","title":{"rendered":"Mision"},"content":{"rendered":"\t\t<div data-elementor-type=\"wp-page\" data-elementor-id=\"99\" class=\"elementor elementor-99\" data-elementor-post-type=\"page\">\n\t\t\t\t\t\t<section class=\"elementor-section elementor-top-section elementor-element elementor-element-88748f4 elementor-section-boxed elementor-section-height-default elementor-section-height-default\" data-id=\"88748f4\" data-element_type=\"section\" data-e-type=\"section\">\n\t\t\t\t\t\t<div class=\"elementor-container elementor-column-gap-default\">\n\t\t\t\t\t<div class=\"elementor-column elementor-col-100 elementor-top-column elementor-element elementor-element-7aa032d\" data-id=\"7aa032d\" data-element_type=\"column\" data-e-type=\"column\">\n\t\t\t<div class=\"elementor-widget-wrap elementor-element-populated\">\n\t\t\t\t\t\t<div class=\"elementor-element elementor-element-c8fe227 elementor-headline--style-highlight elementor-widget elementor-widget-animated-headline\" data-id=\"c8fe227\" data-element_type=\"widget\" data-e-type=\"widget\" data-settings=\"{&quot;marker&quot;:&quot;double_underline&quot;,&quot;highlighted_text&quot;:&quot;Misi\\u00f3n&quot;,&quot;headline_style&quot;:&quot;highlight&quot;,&quot;loop&quot;:&quot;yes&quot;,&quot;highlight_animation_duration&quot;:1200,&quot;highlight_iteration_delay&quot;:8000}\" data-widget_type=\"animated-headline.default\">\n\t\t\t\t<div class=\"elementor-widget-container\">\n\t\t\t\t\t\t\t<h3 class=\"elementor-headline\">\n\t\t\t\t<span class=\"elementor-headline-dynamic-wrapper elementor-headline-text-wrapper\">\n\t\t\t\t\t<span class=\"elementor-headline-dynamic-text elementor-headline-text-active\">Misi\u00f3n<\/span>\n\t\t\t\t<\/span>\n\t\t\t\t<\/h3>\n\t\t\t\t\t\t<\/div>\n\t\t\t\t<\/div>\n\t\t\t\t<div class=\"elementor-element elementor-element-06efbd6 elementor-widget elementor-widget-spacer\" data-id=\"06efbd6\" data-element_type=\"widget\" data-e-type=\"widget\" data-widget_type=\"spacer.default\">\n\t\t\t\t<div class=\"elementor-widget-container\">\n\t\t\t\t\t\t\t<div class=\"elementor-spacer\">\n\t\t\t<div class=\"elementor-spacer-inner\"><\/div>\n\t\t<\/div>\n\t\t\t\t\t\t<\/div>\n\t\t\t\t<\/div>\n\t\t\t\t<div class=\"elementor-element elementor-element-899fcde elementor-widget elementor-widget-text-editor\" data-id=\"899fcde\" data-element_type=\"widget\" data-e-type=\"widget\" data-widget_type=\"text-editor.default\">\n\t\t\t\t<div class=\"elementor-widget-container\">\n\t\t\t\t\t\t\t\t\t<p style=\"text-align: justify;\">La <strong>FUNDACI\u00d3N GAEC<\/strong> es una organizaci\u00f3n sin \u00e1nimo de lucro cuya labor es ayudar a la sociedad a mejorar la salud de las personas y sus familias a trav\u00e9s de una atenci\u00f3n con excelencia, integral y personalizada, en diferentes \u00e1reas como salud mental, Neurodesarrollo, Ginecobstetricia entre otras.\u00a0 Tambi\u00e9n estamos interesados en aportar en el campo de la investigaci\u00f3n y la formaci\u00f3n acad\u00e9mica en salud.<\/p>\t\t\t\t\t\t\t\t<\/div>\n\t\t\t\t<\/div>\n\t\t\t\t\t<\/div>\n\t\t<\/div>\n\t\t\t\t\t<\/div>\n\t\t<\/section>\n\t\t\t\t<\/div>\n\t\t","protected":false},"excerpt":{"rendered":"<p>Misi\u00f3n La FUNDACI\u00d3N GAEC es una organizaci\u00f3n sin \u00e1nimo de lucro cuya labor es ayudar a la sociedad a mejorar la salud de las personas y sus familias a trav\u00e9s de una atenci\u00f3n con excelencia, integral y personalizada, en diferentes \u00e1reas como salud mental, Neurodesarrollo, Ginecobstetricia entre otras.\u00a0 Tambi\u00e9n estamos interesados en aportar en el [&hellip;]<\/p>\n","protected":false},"author":1,"featured_media":0,"parent":0,"menu_order":0,"comment_status":"closed","ping_status":"closed","template":"","meta":{"footnotes":""},"class_list":["post-99","page","type-page","status-publish","hentry"],"_links":{"self":[{"href":"https:\/\/fundaciongaec.com.co\/fundaciongaec\/web\/wp-json\/wp\/v2\/pages\/99","targetHints":{"allow":["GET"]}}],"collection":[{"href":"https:\/\/fundaciongaec.com.co\/fundaciongaec\/web\/wp-json\/wp\/v2\/pages"}],"about":[{"href":"https:\/\/fundaciongaec.com.co\/fundaciongaec\/web\/wp-json\/wp\/v2\/types\/page"}],"author":[{"embeddable":true,"href":"https:\/\/fundaciongaec.com.co\/fundaciongaec\/web\/wp-json\/wp\/v2\/users\/1"}],"replies":[{"embeddable":true,"href":"https:\/\/fundaciongaec.com.co\/fundaciongaec\/web\/wp-json\/wp\/v2\/comments?post=99"}],"version-history":[{"count":15,"href":"https:\/\/fundaciongaec.com.co\/fundaciongaec\/web\/wp-json\/wp\/v2\/pages\/99\/revisions"}],"predecessor-version":[{"id":190,"href":"https:\/\/fundaciongaec.com.co\/fundaciongaec\/web\/wp-json\/wp\/v2\/pages\/99\/revisions\/190"}],"wp:attachment":[{"href":"https:\/\/fundaciongaec.com.co\/fundaciongaec\/web\/wp-json\/wp\/v2\/media?parent=99"}],"curies":[{"name":"wp","href":"https:\/\/api.w.org\/{rel}","templated":true}]}}